{"id":2,"date":"2014-01-12T21:11:45","date_gmt":"2014-01-12T20:11:45","guid":{"rendered":"http:\/\/ps-gersbach.de\/?page_id=2"},"modified":"2025-08-08T17:56:14","modified_gmt":"2025-08-08T16:56:14","slug":"beispiel-seite","status":"publish","type":"page","link":"https:\/\/www.ps-gersbach.de\/?page_id=2","title":{"rendered":"Gewerbe"},"content":{"rendered":"<p>Dies ist ein alphabetisches Verzeichnis der <strong>ortsans\u00e4ssigen<\/strong> Firmen, Gewerbebetriebe und Dienstleister. Diese Liste wird je nach Bedarf st\u00e4ndig erweitert und erhebt keinen Anspruch auf Vollst\u00e4ndigkeit.<\/p>\n<p>Sollten Sie Korrektur- oder Verbesserungsvorschl\u00e4ge haben, oder eine <strong>ortsans\u00e4ssige<\/strong> Firma, Gewerbetreibender oder Dienstleister sein und hier gerne kostenlos aufgef\u00fchrt werden, senden Sie uns bitte eine kurze <a href=\"mailto:webmaster@ps-gersbach.de\">Mail<\/a>, dann werden wir den Eintrag entsprechend \u00e4ndern oder neu anlegen.<\/p>\n<p>&nbsp;<\/p>\n<hr \/>\n<h1 style=\"text-align: center;\">am-projekts<\/h1>\n<p style=\"text-align: center;\"><strong>Alexander Menges<\/strong><\/p>\n<p style=\"text-align: center;\"><em><strong>&#8211; Webdesign &#8211;<\/strong><\/em><\/p>\n<p style=\"text-align: center;\">Am Birkloch 8<\/p>\n<p style=\"text-align: center;\">66954 Pirmasens<\/p>\n<p style=\"text-align: center;\">Tel 0151-70685061<\/p>\n<p style=\"text-align: center;\"><strong>e-Mail:<\/strong><\/p>\n<p style=\"text-align: center;\"><a href=\"mailto:info@am-projekts.de\" target=\"_blank\" rel=\"noopener\">info@am-projekts.de<\/a><\/p>\n<p style=\"text-align: center;\"><strong>Homepage:<\/strong><\/p>\n<p style=\"text-align: center;\"><a href=\"http:\/\/www.am-projekts.de\" target=\"_blank\" rel=\"noopener\">www.am-projekts.de<\/a><\/p>\n<hr \/>\n<h1 style=\"text-align: center;\"><strong>Autohaus Gronow<\/strong><\/h1>\n<p style=\"text-align: center;\">&#8211; <em><strong>KFZ Werkstatt, Volvo<\/strong><\/em> &#8211;<\/p>\n<p style=\"text-align: center;\">Windsberger Stra\u00dfe 1<\/p>\n<p style=\"text-align: center;\">66954 Pirmasens<\/p>\n<p style=\"text-align: center;\">Tel 06331-94606<\/p>\n<p style=\"text-align: center;\">Fax 06331-62511<\/p>\n<hr \/>\n<h1 style=\"text-align: center;\"><strong>Auto Kadner<\/strong><\/h1>\n<p style=\"text-align: center;\">&#8211; <em><strong>KFZ Werkstatt<\/strong><\/em> &#8211;<\/p>\n<p style=\"text-align: center;\">Gr\u00e4fensteiner Stra\u00dfe 11<\/p>\n<p style=\"text-align: center;\">66954 Pirmasens<\/p>\n<p style=\"text-align: center;\">Tel 06331-91966<\/p>\n<p style=\"text-align: center;\">Mobil 0177-7757312<\/p>\n<hr \/>\n<h1 style=\"text-align: center;\"><strong>Bernhard Render<\/strong><\/h1>\n<p style=\"text-align: center;\">&#8211; <strong><em>Kraftfahrzeuge<\/em><\/strong> &#8211;<\/p>\n<p style=\"text-align: center;\">Denkmalstra\u00dfe 13<\/p>\n<p style=\"text-align: center;\">66954 Pirmasens<\/p>\n<p style=\"text-align: center;\">Tel 06331-66389<\/p>\n<p style=\"text-align: center;\">Fax 06331-228809<\/p>\n<p style=\"text-align: center;\">Mobil 0179-6256050<\/p>\n<hr \/>\n<h1 style=\"text-align: center;\"><strong>Elektro Poller e.K.<\/strong><\/h1>\n<p style=\"text-align: center;\"><em><strong>&#8211; Elektrotechnik, Lichttechnik, Netzwerktechnik, Meisterbetrieb &#8211;<\/strong><\/em><\/p>\n<p style=\"text-align: center;\">Windsberger Str. 57<\/p>\n<p style=\"text-align: center;\">66954 Pirmasens<\/p>\n<p style=\"text-align: center;\">Tel 06331-1534220<\/p>\n<p style=\"text-align: center;\"><strong>e-Mail:<\/strong><\/p>\n<p style=\"text-align: center;\"><a href=\"mailto:info@poller-elektro.de\" target=\"_blank\" rel=\"noopener\">info@poller-elektro.de<\/a><\/p>\n<p style=\"text-align: center;\"><strong>Homepage:<\/strong><\/p>\n<p style=\"text-align: center;\"><a href=\"https:\/\/www.elektrotechnik-poller.de\" target=\"_blank\" rel=\"noopener\">www.elektrotechnik-poller.de<\/a><\/p>\n<hr \/>\n<h1 style=\"text-align: center;\"><strong>Fred&#8217;s Tauchshop<\/strong><\/h1>\n<p style=\"text-align: center;\"><em><strong>&#8211; Tauchshop und Tauchschule &#8211;<\/strong><\/em><\/p>\n<p style=\"text-align: center;\">Windsberger Str. 23<\/p>\n<p style=\"text-align: center;\">66954 Pirmasens<\/p>\n<p style=\"text-align: center;\">Tel 06331-1451100<\/p>\n<hr \/>\n<h1 style=\"text-align: center;\"><strong>Freshwind<\/strong><\/h1>\n<p style=\"text-align: center;\"><strong><em>&#8211; Manufaktur f\u00fcr Hundebedarf &#8211;<\/em><\/strong><\/p>\n<p style=\"text-align: center;\">Windsberger Str. 90<\/p>\n<p style=\"text-align: center;\">66954 Pirmasens<\/p>\n<p style=\"text-align: center;\">Tel 06331-2866404<\/p>\n<p style=\"text-align: center;\"><strong>Sommer\u00f6ffnungszeiten:<\/strong><\/p>\n<p style=\"text-align: center;\">Montag von 08:30 &#8211; 12:00<\/p>\n<p style=\"text-align: center;\">Dienstag von 08:30 &#8211; 12:00<\/p>\n<p style=\"text-align: center;\">Mittwoch geschlossen<\/p>\n<p style=\"text-align: center;\">Donnerstag von 08:30 &#8211; 12:00 und 15:00 &#8211; 18:00<\/p>\n<p style=\"text-align: center;\">Freitag von 08:30 &#8211; 12:00<\/p>\n<p style=\"text-align: center;\">und auch weiterhin nach Terminvereinbarung.<\/p>\n<p style=\"text-align: center;\"><strong>e-Mail:<\/strong><\/p>\n<p style=\"text-align: center;\"><a href=\"mailto:sieglinde.gilcher@web.de\" target=\"_blank\" rel=\"noopener\">sieglinde.gilcher@web.de<\/a><\/p>\n<p style=\"text-align: center;\"><a href=\"mailto:info@freshwind.eu\" target=\"_blank\" rel=\"noopener\">info@freshwind.eu<\/a><\/p>\n<p style=\"text-align: center;\"><a href=\"mailto:AS_freshwind@t-online.de\" target=\"_blank\" rel=\"noopener\">AS_freshwind@t-online.de<\/a><\/p>\n<p style=\"text-align: center;\"><strong>Homepage:<\/strong><\/p>\n<p style=\"text-align: center;\"><a href=\"https:\/\/www.freshwind-for-dogs.de\" target=\"_blank\" rel=\"noopener\">www.freshwind.eu<\/a><\/p>\n<p style=\"text-align: center;\"><a href=\"https:\/\/www.freshwind-for-dogs.de\" target=\"_blank\" rel=\"noopener\">www.freshwind-for-dogs.de<\/a><\/p>\n<hr \/>\n<h1 style=\"text-align: center;\">Funda<\/h1>\n<p style=\"text-align: center;\"><strong>&#8211; <em>Sanit\u00e4r- und Heizungstechnik<\/em> &#8211;<\/strong><\/p>\n<p style=\"text-align: center;\">Els\u00e4sserstr. 1<\/p>\n<p style=\"text-align: center;\">66954 Pirmasens<\/p>\n<p style=\"text-align: center;\">Tel 06331-277663<\/p>\n<p style=\"text-align: center;\">Fax 06331-729865<\/p>\n<p style=\"text-align: center;\"><strong>e-Mail:<\/strong><\/p>\n<p style=\"text-align: center;\"><a href=\"mailto:info@heizungstechnik-funda.de\" target=\"_blank\" rel=\"noopener\">info@heizungstechnik-funda.de<\/a><\/p>\n<p style=\"text-align: center;\"><strong>Homepage:<\/strong><\/p>\n<p style=\"text-align: center;\"><a href=\"https:\/\/www.heizungstechnik-funda.de\" target=\"_blank\" rel=\"noopener\">www.heizungstechnik-funda.de<\/a><\/p>\n<hr \/>\n<h1 style=\"text-align: center;\"><strong>Heizung Schindeldecker<\/strong><\/h1>\n<p style=\"text-align: center;\">&#8211; <em><strong>Heizung, Energie- und Umwelttechnik<\/strong><\/em> &#8211;<\/p>\n<p style=\"text-align: center;\">Rotm\u00fchlstra\u00dfe 27<\/p>\n<p style=\"text-align: center;\">66954 Pirmasens<\/p>\n<p style=\"text-align: center;\">Tel 06331-12483<\/p>\n<p style=\"text-align: center;\">Fax 06331-12460<\/p>\n<p style=\"text-align: center;\"><strong>Homepage:<\/strong><\/p>\n<p style=\"text-align: center;\"><a title=\"Heizung Schindeldecker\" href=\"http:\/\/www.heizung-schindeldecker.de\" target=\"_blank\" rel=\"noopener noreferrer\">www.heizung-schindeldecker.de<\/a><\/p>\n<hr \/>\n<h1 style=\"text-align: center;\">KISS-Studios<\/h1>\n<p style=\"text-align: center;\">&#8211; <strong><em>Autosonnenschutz, Lackschutz, Beschriftungen<\/em><\/strong> &#8211;<\/p>\n<p style=\"text-align: center;\">Windsberger Str. 76<\/p>\n<p style=\"text-align: center;\">66954 Pirmasens<\/p>\n<p style=\"text-align: center;\">Tel 06331-93038<\/p>\n<p style=\"text-align: center;\"><strong>e-Mail:<\/strong><\/p>\n<p style=\"text-align: center;\"><a href=\"mailto:kiss-studios@web.de\">kiss-studios@web.de<\/a><\/p>\n<hr \/>\n<h1 style=\"text-align: center;\"><strong>Landschaftspflege Frischer Wind<\/strong><\/h1>\n<p style=\"text-align: center;\"><strong><em>\u2013 Freilegen und Freihalten von Gel\u00e4nden mit Ziegen und Schafen \u2013<\/em><\/strong><\/p>\n<p style=\"text-align: center;\"><strong>Kontakt und Angebote:<\/strong><\/p>\n<p style=\"text-align: center;\">Andreas Schmaus<\/p>\n<p style=\"text-align: center;\">Windsberger Str. 90<\/p>\n<p style=\"text-align: center;\">66954 Pirmasens<\/p>\n<p style=\"text-align: center;\">Mobil 0171-9356247<\/p>\n<p style=\"text-align: center;\"><strong>e-Mail:<\/strong><\/p>\n<p style=\"text-align: center;\"><a href=\"mailto:Schmausy70@t-online.de\" target=\"_blank\" rel=\"noopener\">Schmausy70@t-online.de<\/a><\/p>\n<p style=\"text-align: center;\"><strong>Facebook:<\/strong><\/p>\n<p style=\"text-align: center;\"><a href=\"https:\/\/www.facebook.com\/people\/Landschaftspflege-Frischer-Wind\/100092213326492\/\" target=\"_blank\" rel=\"noopener\">Freshwind for Dogs<\/a><\/p>\n<p style=\"text-align: center;\"><strong>Homepage:<\/strong><\/p>\n<p style=\"text-align: center;\"><a href=\"https:\/\/www.freshwind-for-dogs.de\/landschaftspflege-frischer-wind\/\" target=\"_blank\" rel=\"noopener\">https:\/\/www.freshwind-for-dogs.de\/landschaftspflege-frischer-wind\/<\/a><\/p>\n<hr \/>\n<h1 style=\"text-align: center;\"><strong>Marc Schellenbaum<\/strong><\/h1>\n<p style=\"text-align: center;\"><em><strong>&#8211; KFZ-Werkstatt &#8211;<\/strong><\/em><\/p>\n<p style=\"text-align: center;\">Rotm\u00fchlstrasse 31<\/p>\n<p style=\"text-align: center;\">66954 Pirmasens<\/p>\n<p style=\"text-align: center;\">Tel 06331-92947<\/p>\n<hr \/>\n<h1 style=\"text-align: center;\"><strong>Sch\u00e4fer Lammfelle GmbH<\/strong><\/h1>\n<p style=\"text-align: center;\">&#8211; <strong><em>Lammfell Gro\u00df- und Einzelhandel<\/em><\/strong> &#8211;<\/p>\n<p style=\"text-align: center;\">Auf der Hut 4<\/p>\n<p style=\"text-align: center;\">66954 Pirmasens<\/p>\n<p style=\"text-align: center;\">Tel 06331-216440<\/p>\n<p style=\"text-align: center;\"><strong>e-Mail:<\/strong><\/p>\n<p style=\"text-align: center;\"><a href=\"mailto:info@Lanamed.de\" target=\"_blank\" rel=\"noopener noreferrer\">info@Lanamed.de<\/a><\/p>\n<p style=\"text-align: center;\"><strong>Homepage:<\/strong><\/p>\n<p style=\"text-align: center;\"><a href=\"http:\/\/www.lanamed.de\" target=\"_blank\" rel=\"noopener noreferrer\">www.lanamed.de<\/a><\/p>\n<p style=\"text-align: center;\"><a href=\"http:\/\/www.schaefer-lammfelle.de\" target=\"_blank\" rel=\"noopener noreferrer\">www.schaefer-lammfelle.de<\/a><\/p>\n<hr \/>\n<h1 style=\"text-align: center;\">Segi Car-Wash<\/h1>\n<p style=\"text-align: center;\">&#8211; <strong><em>Auto-Komplettreinigung<\/em><\/strong> &#8211;<\/p>\n<p style=\"text-align: center;\">Im Wiesel 7<\/p>\n<p style=\"text-align: center;\">66954 Pirmasens<\/p>\n<p style=\"text-align: center;\">Tel 06331-275832<\/p>\n<p style=\"text-align: center;\">Mobil 0152-05304714<\/p>\n<p style=\"text-align: center;\">Mo &#8211; Fr 08:00-18:00<\/p>\n<p style=\"text-align: center;\">Sa 08:00-13:30<\/p>\n<p style=\"text-align: center;\"><strong>e-Mail:<\/strong><\/p>\n<p style=\"text-align: center;\"><a href=\"mailto:segi-car-wash@gmx.de\">segi-car-wash@gmx.de<\/a><\/p>\n<p style=\"text-align: center;\"><strong>Homepage:<\/strong><\/p>\n<p style=\"text-align: center;\"><a href=\"http:\/\/www.segi-car-wash.de\" target=\"_blank\" rel=\"noopener noreferrer\">www.segi-car-wash.de<\/a><\/p>\n<hr \/>\n<h1 style=\"text-align: center;\"><strong>Sportheim Gersbach<\/strong><\/h1>\n<p style=\"text-align: center;\"><em><strong>&#8211; Gastst\u00e4tte, Vereinsheim SV Gersbach &#8211;<\/strong> <\/em><\/p>\n<p style=\"text-align: center;\">Tel 06331-91388<\/p>\n<p style=\"text-align: center;\">Mo &#8211; Mi ab 16:00<\/p>\n<p style=\"text-align: center;\">Do Ruhetag<\/p>\n<p style=\"text-align: center;\">Fr &#8211; Sa ab 16:00<\/p>\n<p style=\"text-align: center;\">So ab 10:00<\/p>\n<hr \/>\n<h1 style=\"text-align: center;\"><strong>Thomas Klein<\/strong><\/h1>\n<p style=\"text-align: center;\">&#8211; <em><strong>Schlosserei, Hufschmied<\/strong><\/em> &#8211;<\/p>\n<p style=\"text-align: center;\">Eichelsbacher Stra\u00dfe 1<\/p>\n<p style=\"text-align: center;\">66954 Pirmasens<\/p>\n<p style=\"text-align: center;\">Tel 06331-91227 o. 94479<\/p>\n<hr \/>\n<h1 style=\"text-align: center;\"><strong>Udo Lehmann<\/strong><\/h1>\n<p style=\"text-align: center;\">&#8211; <strong><em>Innenausbau, Schreinerei<\/em><\/strong>\u00a0&#8211;<\/p>\n<p style=\"text-align: center;\">Windsberger Stra\u00dfe 30<\/p>\n<p style=\"text-align: center;\">66954 Pirmasens<\/p>\n<p style=\"text-align: center;\">Tel 06331-91513<\/p>\n<p style=\"text-align: center;\"><strong>e-Mail:<\/strong><\/p>\n<p style=\"text-align: center;\"><a href=\"mailto:info@schreinerei-lehmann.de\" target=\"_blank\" rel=\"noopener noreferrer\">info@schreinerei-lehmann.de<\/a><\/p>\n<p style=\"text-align: center;\"><strong>Homepage:<\/strong><\/p>\n<p style=\"text-align: center;\"><a title=\"Schreinerei Lehmann\" href=\"http:\/\/www.schreinerei-lehmann.de\" target=\"_blank\" rel=\"noopener noreferrer\">www.schreinerei-lehmann.de<\/a><\/p>\n<hr \/>\n<h1 style=\"text-align: center;\"><strong>WEMA Energietechnik GmbH<\/strong><\/h1>\n<p style=\"text-align: center;\"><strong><em>&#8211; Meisterbetrieb f\u00fcr erneuerbare Energie &#8211;<\/em><\/strong><\/p>\n<p style=\"text-align: center;\">Breitsitterstra\u00dfe 5a<\/p>\n<p style=\"text-align: center;\">66954 Pirmasens<\/p>\n<p style=\"text-align: center;\">Tel 06331-680587<\/p>\n<p style=\"text-align: center;\">Fax 06331-680586<\/p>\n<p style=\"text-align: center;\"><strong>e-Mail:<\/strong><\/p>\n<p style=\"text-align: center;\"><a href=\"mailto:info@wema-energietechnik.de\">info@wema-energietechnik.de<\/a><\/p>\n<p style=\"text-align: center;\"><strong>Homepage:<\/strong><\/p>\n<p style=\"text-align: center;\"><a href=\"https:\/\/www.wema-energietechnik.de\" target=\"_blank\" rel=\"noopener\">www.wema-energietechnik.de<\/a><\/p>\n<hr \/>\n<h1 style=\"text-align: center;\"><strong>Zimmermann Network Solutions<\/strong><\/h1>\n<p style=\"text-align: center;\"><em><strong>&#8211; EDV, Telekommunikation, Internet &#8211;<\/strong><\/em><\/p>\n<p style=\"text-align: center;\">Windsberger Str. 23<\/p>\n<p style=\"text-align: center;\">66954 Pirmasens<\/p>\n<p style=\"text-align: center;\">Tel 06331-1451120<\/p>\n<p style=\"text-align: center;\">Fax 06331-14511299<\/p>\n<p style=\"text-align: center;\"><strong>24h Support: <\/strong><\/p>\n<p style=\"text-align: center;\">Tel 06331-145112112 oder <a href=\"mailto:support@z-n-s.net\" target=\"_blank\" rel=\"noopener\">support@z-n-s.net<\/a><\/p>\n<p style=\"text-align: center;\"><strong>Homepage:<\/strong><\/p>\n<p style=\"text-align: center;\"><a href=\"http:\/\/www.z-n-s.net\" target=\"_blank\" rel=\"noopener noreferrer\">www.z-n-s.net<\/a><\/p>\n","protected":false},"excerpt":{"rendered":"<p>Dies ist ein alphabetisches Verzeichnis der ortsans\u00e4ssigen Firmen, Gewerbebetriebe und Dienstleister. Diese Liste wird je nach Bedarf st\u00e4ndig erweitert und erhebt keinen Anspruch auf Vollst\u00e4ndigkeit. Sollten Sie Korrektur- oder Verbesserungsvorschl\u00e4ge <span class=\"readmore\"><a href=\"https:\/\/www.ps-gersbach.de\/?page_id=2\">Weiterlesen\u00a0\u2026<\/a><\/span><\/p>\n","protected":false},"author":1,"featured_media":0,"parent":0,"menu_order":10,"comment_status":"closed","ping_status":"closed","template":"","meta":{"_mc_calendar":[],"footnotes":""},"class_list":["post-2","page","type-page","status-publish","hentry"],"jetpack_shortlink":"https:\/\/wp.me\/P7TYLF-2","jetpack_sharing_enabled":true,"_links":{"self":[{"href":"https:\/\/www.ps-gersbach.de\/index.php?rest_route=\/wp\/v2\/pages\/2","targetHints":{"allow":["GET"]}}],"collection":[{"href":"https:\/\/www.ps-gersbach.de\/index.php?rest_route=\/wp\/v2\/pages"}],"about":[{"href":"https:\/\/www.ps-gersbach.de\/index.php?rest_route=\/wp\/v2\/types\/page"}],"author":[{"embeddable":true,"href":"https:\/\/www.ps-gersbach.de\/index.php?rest_route=\/wp\/v2\/users\/1"}],"replies":[{"embeddable":true,"href":"https:\/\/www.ps-gersbach.de\/index.php?rest_route=%2Fwp%2Fv2%2Fcomments&post=2"}],"version-history":[{"count":59,"href":"https:\/\/www.ps-gersbach.de\/index.php?rest_route=\/wp\/v2\/pages\/2\/revisions"}],"predecessor-version":[{"id":1807,"href":"https:\/\/www.ps-gersbach.de\/index.php?rest_route=\/wp\/v2\/pages\/2\/revisions\/1807"}],"wp:attachment":[{"href":"https:\/\/www.ps-gersbach.de\/index.php?rest_route=%2Fwp%2Fv2%2Fmedia&parent=2"}],"curies":[{"name":"wp","href":"https:\/\/api.w.org\/{rel}","templated":true}]}}