{"id":464,"date":"2015-02-23T18:16:01","date_gmt":"2015-02-23T17:16:01","guid":{"rendered":"http:\/\/www.ps-gersbach.de\/?page_id=464"},"modified":"2022-03-05T19:50:55","modified_gmt":"2022-03-05T18:50:55","slug":"sperrmuell","status":"publish","type":"page","link":"https:\/\/www.ps-gersbach.de\/?page_id=464","title":{"rendered":"Sperrm\u00fcll"},"content":{"rendered":"<p>Bitte beachten Sie, dass es seit 2020 keinen festgelegten Termin f\u00fcr Sperrm\u00fcll mehr gibt.<\/p>\n<p>Stattdessen kann pro Haushalt nun 1 Mal im Jahr (kostenlos) ein individueller Termin nach vorheriger schriftlicher Anmeldung vereinbart werden.<\/p>\n<p>Detaillierte Informationen gibt es hier: <a href=\"https:\/\/www.pirmasens.de\/leben-in-ps\/buergerservice\/abfallentsorgung\/sperrmuell\/\" target=\"_blank\" rel=\"noopener\">LINK<\/a><\/p>\n","protected":false},"excerpt":{"rendered":"<p>Bitte beachten Sie, dass es seit 2020 keinen festgelegten Termin f\u00fcr Sperrm\u00fcll mehr gibt. Stattdessen kann pro Haushalt nun 1 Mal im Jahr (kostenlos) ein individueller Termin nach vorheriger schriftlicher <span class=\"readmore\"><a href=\"https:\/\/www.ps-gersbach.de\/?page_id=464\">Weiterlesen\u00a0\u2026<\/a><\/span><\/p>\n","protected":false},"author":2,"featured_media":0,"parent":32,"menu_order":70,"comment_status":"closed","ping_status":"open","template":"","meta":{"_mc_calendar":[],"footnotes":""},"class_list":["post-464","page","type-page","status-publish","hentry"],"jetpack_shortlink":"https:\/\/wp.me\/P7TYLF-7u","jetpack_sharing_enabled":true,"_links":{"self":[{"href":"https:\/\/www.ps-gersbach.de\/index.php?rest_route=\/wp\/v2\/pages\/464","targetHints":{"allow":["GET"]}}],"collection":[{"href":"https:\/\/www.ps-gersbach.de\/index.php?rest_route=\/wp\/v2\/pages"}],"about":[{"href":"https:\/\/www.ps-gersbach.de\/index.php?rest_route=\/wp\/v2\/types\/page"}],"author":[{"embeddable":true,"href":"https:\/\/www.ps-gersbach.de\/index.php?rest_route=\/wp\/v2\/users\/2"}],"replies":[{"embeddable":true,"href":"https:\/\/www.ps-gersbach.de\/index.php?rest_route=%2Fwp%2Fv2%2Fcomments&post=464"}],"version-history":[{"count":8,"href":"https:\/\/www.ps-gersbach.de\/index.php?rest_route=\/wp\/v2\/pages\/464\/revisions"}],"predecessor-version":[{"id":1360,"href":"https:\/\/www.ps-gersbach.de\/index.php?rest_route=\/wp\/v2\/pages\/464\/revisions\/1360"}],"up":[{"embeddable":true,"href":"https:\/\/www.ps-gersbach.de\/index.php?rest_route=\/wp\/v2\/pages\/32"}],"wp:attachment":[{"href":"https:\/\/www.ps-gersbach.de\/index.php?rest_route=%2Fwp%2Fv2%2Fmedia&parent=464"}],"curies":[{"name":"wp","href":"https:\/\/api.w.org\/{rel}","templated":true}]}}